{"id":7317,"date":"2024-02-29T12:32:09","date_gmt":"2024-02-29T12:32:09","guid":{"rendered":"https:\/\/accidentlawyer-queens.com\/cosas-que-hacer-jardines-sunnyside\/"},"modified":"2026-02-19T17:48:00","modified_gmt":"2026-02-19T17:48:00","slug":"cosas-que-hacer-jardines-sunnyside","status":"publish","type":"page","link":"https:\/\/accidentlawyer-queens.com\/es\/cosas-que-hacer-jardines-sunnyside\/","title":{"rendered":"Cosas que hacer Jardines Sunnyside"},"content":{"rendered":"<div id=\"ez-toc-container\" class=\"ez-toc-v2_0_82_2 counter-hierarchy ez-toc-counter ez-toc-grey ez-toc-container-direction\">\n<div class=\"ez-toc-title-container\">\n<p class=\"ez-toc-title\" style=\"cursor:inherit\">Table of Contents<\/p>\n<span class=\"ez-toc-title-toggle\"><a href=\"#\" class=\"ez-toc-pull-right ez-toc-btn ez-toc-btn-xs ez-toc-btn-default ez-toc-toggle\" aria-label=\"Alternar tabla de contenidos\"><span class=\"ez-toc-js-icon-con\"><span class=\"\"><span class=\"eztoc-hide\" style=\"display:none;\">Toggle<\/span><span class=\"ez-toc-icon-toggle-span\"><svg style=\"fill: #999;color:#999\" xmlns=\"http:\/\/www.w3.org\/2000\/svg\" class=\"list-377408\" width=\"20px\" height=\"20px\" viewBox=\"0 0 24 24\" fill=\"none\"><path d=\"M6 6H4v2h2V6zm14 0H8v2h12V6zM4 11h2v2H4v-2zm16 0H8v2h12v-2zM4 16h2v2H4v-2zm16 0H8v2h12v-2z\" fill=\"currentColor\"><\/path><\/svg><svg style=\"fill: #999;color:#999\" class=\"arrow-unsorted-368013\" xmlns=\"http:\/\/www.w3.org\/2000\/svg\" width=\"10px\" height=\"10px\" viewBox=\"0 0 24 24\" version=\"1.2\" baseProfile=\"tiny\"><path d=\"M18.2 9.3l-6.2-6.3-6.2 6.3c-.2.2-.3.4-.3.7s.1.5.3.7c.2.2.4.3.7.3h11c.3 0 .5-.1.7-.3.2-.2.3-.5.3-.7s-.1-.5-.3-.7zM5.8 14.7l6.2 6.3 6.2-6.3c.2-.2.3-.5.3-.7s-.1-.5-.3-.7c-.2-.2-.4-.3-.7-.3h-11c-.3 0-.5.1-.7.3-.2.2-.3.5-.3.7s.1.5.3.7z\"\/><\/svg><\/span><\/span><\/span><\/a><\/span><\/div>\n<nav><ul class='ez-toc-list ez-toc-list-level-1 eztoc-toggle-hide-by-default' ><li class='ez-toc-page-1 ez-toc-heading-level-1'><a class=\"ez-toc-link ez-toc-heading-1\" href=\"https:\/\/accidentlawyer-queens.com\/es\/cosas-que-hacer-jardines-sunnyside\/#Jardines-Sunnyside-Guia-de-tesoros-locales-y-joyas-comunitarias\" >Jardines Sunnyside: Gu\u00eda de tesoros locales y joyas comunitarias<\/a><ul class='ez-toc-list-level-2' ><li class='ez-toc-heading-level-2'><a class=\"ez-toc-link ez-toc-heading-2\" href=\"https:\/\/accidentlawyer-queens.com\/es\/cosas-que-hacer-jardines-sunnyside\/#Parque-Sunnyside-Gardens\" >Parque Sunnyside Gardens<\/a><\/li><li class='ez-toc-page-1 ez-toc-heading-level-2'><a class=\"ez-toc-link ez-toc-heading-3\" href=\"https:\/\/accidentlawyer-queens.com\/es\/cosas-que-hacer-jardines-sunnyside\/#Parque-Infantil-Lawrence-Virgilio\" >Parque Infantil Lawrence Virgilio<\/a><\/li><li class='ez-toc-page-1 ez-toc-heading-level-2'><a class=\"ez-toc-link ez-toc-heading-4\" href=\"https:\/\/accidentlawyer-queens.com\/es\/cosas-que-hacer-jardines-sunnyside\/#Parque-John-Downing\" >Parque John Downing<\/a><\/li><li class='ez-toc-page-1 ez-toc-heading-level-2'><a class=\"ez-toc-link ez-toc-heading-5\" href=\"https:\/\/accidentlawyer-queens.com\/es\/cosas-que-hacer-jardines-sunnyside\/#Intercambio-de-Libros-y-Medios-de-Sunnyside-Biblioteca-Publica-y-Centro-de-Donaciones\" >Intercambio de Libros y Medios de Sunnyside, Biblioteca P\u00fablica y Centro de Donaciones<\/a><\/li><li class='ez-toc-page-1 ez-toc-heading-level-2'><a class=\"ez-toc-link ez-toc-heading-6\" href=\"https:\/\/accidentlawyer-queens.com\/es\/cosas-que-hacer-jardines-sunnyside\/#Conclusion\" >Conclusi\u00f3n<\/a><\/li><\/ul><\/li><\/ul><\/nav><\/div>\n\t\t<div data-elementor-type=\"wp-page\" data-elementor-id=\"7317\" class=\"elementor elementor-7317 elementor-3682\" data-elementor-post-type=\"page\">\n\t\t\t\t\t\t<section class=\"elementor-section elementor-top-section elementor-element elementor-element-0ee91b6 elementor-section-boxed elementor-section-height-default elementor-section-height-default\" data-id=\"0ee91b6\" data-element_type=\"section\" data-e-type=\"section\" data-settings=\"{&quot;background_background&quot;:&quot;classic&quot;}\">\n\t\t\t\t\t\t\t<div class=\"elementor-background-overlay\"><\/div>\n\t\t\t\t\t\t\t<div class=\"elementor-container elementor-column-gap-default\">\n\t\t\t\t\t<div class=\"elementor-column elementor-col-100 elementor-top-column elementor-element elementor-element-3bf651a\" data-id=\"3bf651a\" data-element_type=\"column\" data-e-type=\"column\">\n\t\t\t<div class=\"elementor-widget-wrap elementor-element-populated\">\n\t\t\t\t\t\t<div class=\"elementor-element elementor-element-e41b09a elementor-widget elementor-widget-heading\" data-id=\"e41b09a\" data-element_type=\"widget\" data-e-type=\"widget\" data-widget_type=\"heading.default\">\n\t\t\t\t<div class=\"elementor-widget-container\">\n\t\t\t\t\t<h1 class=\"elementor-heading-title elementor-size-default\"><span class=\"ez-toc-section\" id=\"Jardines-Sunnyside-Guia-de-tesoros-locales-y-joyas-comunitarias\"><\/span>Jardines Sunnyside: Gu\u00eda de tesoros locales y joyas comunitarias<span class=\"ez-toc-section-end\"><\/span><\/h1>\t\t\t\t<\/div>\n\t\t\t\t<\/div>\n\t\t\t\t\t<\/div>\n\t\t<\/div>\n\t\t\t\t\t<\/div>\n\t\t<\/section>\n\t\t\t\t<section class=\"elementor-section elementor-top-section elementor-element elementor-element-49b7879 elementor-section-boxed elementor-section-height-default elementor-section-height-default\" data-id=\"49b7879\" data-element_type=\"section\" data-e-type=\"section\" data-settings=\"{&quot;background_background&quot;:&quot;classic&quot;}\">\n\t\t\t\t\t\t<div class=\"elementor-container elementor-column-gap-default\">\n\t\t\t\t\t<div class=\"elementor-column elementor-col-100 elementor-top-column elementor-element elementor-element-dd2215e\" data-id=\"dd2215e\" data-element_type=\"column\" data-e-type=\"column\">\n\t\t\t<div class=\"elementor-widget-wrap elementor-element-populated\">\n\t\t\t\t\t\t<div class=\"elementor-element elementor-element-7af353d elementor-widget elementor-widget-text-editor\" data-id=\"7af353d\" data-element_type=\"widget\" data-e-type=\"widget\" data-widget_type=\"text-editor.default\">\n\t\t\t\t<div class=\"elementor-widget-container\">\n\t\t\t\t\t\t\t\t\t<p><a href=\"https:\/\/accidentlawyer-queens.com\/es\/jardines-sunnyside\/\">Sunnyside Gardens<\/a>, enclavada en Queens, Nueva York, es una comunidad famosa por su rica historia, su encantadora arquitectura y su vibrante vida comunitaria. M\u00e1s all\u00e1 de sus pintorescas hileras de casas y exuberantes jardines compartidos, la zona presume de una variedad de espacios p\u00fablicos e iniciativas culturales que enriquecen la vida de sus residentes y visitantes por igual. Este art\u00edculo destaca las principales atracciones y actividades de Sunnyside Gardens, haciendo hincapi\u00e9 en la mezcla \u00fanica de experiencias recreativas, educativas y comunitarias disponibles.  <\/p>\t\t\t\t\t\t\t\t<\/div>\n\t\t\t\t<\/div>\n\t\t\t\t<div class=\"elementor-element elementor-element-0a7b0d5 elementor-widget elementor-widget-html\" data-id=\"0a7b0d5\" data-element_type=\"widget\" data-e-type=\"widget\" data-widget_type=\"html.default\">\n\t\t\t\t<div class=\"elementor-widget-container\">\n\t\t\t\t\t<iframe src=\"https:\/\/www.google.com\/maps\/embed?pb=!1m18!1m12!1m3!1d6045.137674502733!2d-73.92021884973532!3d40.74951196341534!2m3!1f0!2f0!3f0!3m2!1i1024!2i768!4f13.1!3m3!1m2!1s0x89c25f219c0c2173%3A0x440c0a4e2a1c6827!2sSunnyside%20Gardens%2C%20Queens%2C%20NY%2011104%2C%20USA!5e0!3m2!1sen!2s!4v1708702839870!5m2!1sen!2s\" width=\"600\" height=\"250\" style=\"border:0;\" allowfullscreen=\"\" loading=\"lazy\" referrerpolicy=\"no-referrer-when-downgrade\"><\/iframe>\t\t\t\t<\/div>\n\t\t\t\t<\/div>\n\t\t\t\t<div class=\"elementor-element elementor-element-1a3d183 elementor-widget elementor-widget-spacer\" data-id=\"1a3d183\" data-element_type=\"widget\" data-e-type=\"widget\" data-widget_type=\"spacer.default\">\n\t\t\t\t<div class=\"elementor-widget-container\">\n\t\t\t\t\t\t\t<div class=\"elementor-spacer\">\n\t\t\t<div class=\"elementor-spacer-inner\"><\/div>\n\t\t<\/div>\n\t\t\t\t\t\t<\/div>\n\t\t\t\t<\/div>\n\t\t\t\t<div class=\"elementor-element elementor-element-40b4a46 elementor-widget elementor-widget-image\" data-id=\"40b4a46\" data-element_type=\"widget\" data-e-type=\"widget\" data-widget_type=\"image.default\">\n\t\t\t\t<div class=\"elementor-widget-container\">\n\t\t\t\t\t\t\t\t\t\t\t\t\t\t\t<img loading=\"lazy\" decoding=\"async\" width=\"1280\" height=\"800\" src=\"https:\/\/accidentlawyer-queens.com\/wp-content\/uploads\/2024\/02\/sunnyside-gardens-image.jpg\" class=\"attachment-full size-full wp-image-7289\" alt=\"imagen de sunnyside gardens\" srcset=\"https:\/\/accidentlawyer-queens.com\/wp-content\/uploads\/2024\/02\/sunnyside-gardens-image.jpg 1280w, https:\/\/accidentlawyer-queens.com\/wp-content\/uploads\/2024\/02\/sunnyside-gardens-image-300x188.jpg 300w, https:\/\/accidentlawyer-queens.com\/wp-content\/uploads\/2024\/02\/sunnyside-gardens-image-1024x640.jpg 1024w, https:\/\/accidentlawyer-queens.com\/wp-content\/uploads\/2024\/02\/sunnyside-gardens-image-768x480.jpg 768w\" sizes=\"auto, (max-width: 1280px) 100vw, 1280px\" \/>\t\t\t\t\t\t\t\t\t\t\t\t\t\t\t<\/div>\n\t\t\t\t<\/div>\n\t\t\t\t<div class=\"elementor-element elementor-element-a8d451c elementor-widget elementor-widget-heading\" data-id=\"a8d451c\" data-element_type=\"widget\" data-e-type=\"widget\" data-widget_type=\"heading.default\">\n\t\t\t\t<div class=\"elementor-widget-container\">\n\t\t\t\t\t<h2 class=\"elementor-heading-title elementor-size-default\"><span class=\"ez-toc-section\" id=\"Parque-Sunnyside-Gardens\"><\/span>Parque Sunnyside Gardens<span class=\"ez-toc-section-end\"><\/span><\/h2>\t\t\t\t<\/div>\n\t\t\t\t<\/div>\n\t\t\t\t<div class=\"elementor-element elementor-element-b6a9feb elementor-widget-divider--view-line elementor-widget elementor-widget-divider\" data-id=\"b6a9feb\" data-element_type=\"widget\" data-e-type=\"widget\" data-widget_type=\"divider.default\">\n\t\t\t\t<div class=\"elementor-widget-container\">\n\t\t\t\t\t\t\t<div class=\"elementor-divider\">\n\t\t\t<span class=\"elementor-divider-separator\">\n\t\t\t\t\t\t<\/span>\n\t\t<\/div>\n\t\t\t\t\t\t<\/div>\n\t\t\t\t<\/div>\n\t\t\t\t<div class=\"elementor-element elementor-element-2c14460 elementor-widget elementor-widget-text-editor\" data-id=\"2c14460\" data-element_type=\"widget\" data-e-type=\"widget\" data-widget_type=\"text-editor.default\">\n\t\t\t\t<div class=\"elementor-widget-container\">\n\t\t\t\t\t\t\t\t\t<p><span style=\"font-weight: 400;\">El parque Sunnyside Gardens es una piedra angular de la comunidad, que ofrece un exuberante oasis verde en medio del paisaje urbano. Este parque de mantenimiento privado, pero de acceso p\u00fablico, es algo m\u00e1s que un espacio para la relajaci\u00f3n y el ocio; es un centro de participaci\u00f3n y actos comunitarios. Con su extenso c\u00e9sped, sus zonas de juego y sus pistas deportivas, el parque sirve de lugar de reuni\u00f3n para que familias, amigos y vecinos se re\u00fanan con esp\u00edritu de compa\u00f1erismo y recreo.  <\/span><\/p>\t\t\t\t\t\t\t\t<\/div>\n\t\t\t\t<\/div>\n\t\t\t\t<div class=\"elementor-element elementor-element-cd21bb6 elementor-widget elementor-widget-html\" data-id=\"cd21bb6\" data-element_type=\"widget\" data-e-type=\"widget\" data-widget_type=\"html.default\">\n\t\t\t\t<div class=\"elementor-widget-container\">\n\t\t\t\t\t<iframe src=\"https:\/\/www.google.com\/maps\/embed?pb=!1m18!1m12!1m3!1d945.9594659918765!2d-73.91540275227447!3d40.74945556742838!2m3!1f0!2f0!3f0!3m2!1i1024!2i768!4f13.1!3m3!1m2!1s0x89c25f218fc9dc2d%3A0x78e84f2ae2326033!2sSunnyside%20Gardens%20Park!5e0!3m2!1sen!2sph!4v1708690650278!5m2!1sen!2sph\" width=\"600\" height=\"250\" style=\"border:0;\" allowfullscreen=\"\" loading=\"lazy\" referrerpolicy=\"no-referrer-when-downgrade\"><\/iframe>\r\n\t\t\t\t<\/div>\n\t\t\t\t<\/div>\n\t\t\t\t<div class=\"elementor-element elementor-element-98b2a00 elementor-widget elementor-widget-spacer\" data-id=\"98b2a00\" data-element_type=\"widget\" data-e-type=\"widget\" data-widget_type=\"spacer.default\">\n\t\t\t\t<div class=\"elementor-widget-container\">\n\t\t\t\t\t\t\t<div class=\"elementor-spacer\">\n\t\t\t<div class=\"elementor-spacer-inner\"><\/div>\n\t\t<\/div>\n\t\t\t\t\t\t<\/div>\n\t\t\t\t<\/div>\n\t\t\t\t<div class=\"elementor-element elementor-element-e7b5e00 elementor-widget elementor-widget-heading\" data-id=\"e7b5e00\" data-element_type=\"widget\" data-e-type=\"widget\" data-widget_type=\"heading.default\">\n\t\t\t\t<div class=\"elementor-widget-container\">\n\t\t\t\t\t<h2 class=\"elementor-heading-title elementor-size-default\"><span class=\"ez-toc-section\" id=\"Parque-Infantil-Lawrence-Virgilio\"><\/span>Parque Infantil Lawrence Virgilio<span class=\"ez-toc-section-end\"><\/span><\/h2>\t\t\t\t<\/div>\n\t\t\t\t<\/div>\n\t\t\t\t<div class=\"elementor-element elementor-element-f5a4092 elementor-widget-divider--view-line elementor-widget elementor-widget-divider\" data-id=\"f5a4092\" data-element_type=\"widget\" data-e-type=\"widget\" data-widget_type=\"divider.default\">\n\t\t\t\t<div class=\"elementor-widget-container\">\n\t\t\t\t\t\t\t<div class=\"elementor-divider\">\n\t\t\t<span class=\"elementor-divider-separator\">\n\t\t\t\t\t\t<\/span>\n\t\t<\/div>\n\t\t\t\t\t\t<\/div>\n\t\t\t\t<\/div>\n\t\t\t\t<div class=\"elementor-element elementor-element-62a0de9 elementor-widget elementor-widget-text-editor\" data-id=\"62a0de9\" data-element_type=\"widget\" data-e-type=\"widget\" data-widget_type=\"text-editor.default\">\n\t\t\t\t<div class=\"elementor-widget-container\">\n\t\t\t\t\t\t\t\t\t<p><span style=\"font-weight: 400;\">El Parque Infantil Lawrence Virgilio ofrece un espacio vibrante tanto para ni\u00f1os como para adultos. Situado en el Parque Windmuller, este parque infantil est\u00e1 equipado con modernas estructuras de juego, fuentes de agua para la diversi\u00f3n veraniega y amplias zonas de asiento para padres y tutores. El parque infantil no s\u00f3lo proporciona un entorno seguro para jugar, sino que tambi\u00e9n es un tributo a la resistencia y el esp\u00edritu de la comunidad.  <\/span><\/p>\t\t\t\t\t\t\t\t<\/div>\n\t\t\t\t<\/div>\n\t\t\t\t<div class=\"elementor-element elementor-element-26f0194 elementor-widget elementor-widget-html\" data-id=\"26f0194\" data-element_type=\"widget\" data-e-type=\"widget\" data-widget_type=\"html.default\">\n\t\t\t\t<div class=\"elementor-widget-container\">\n\t\t\t\t\t<iframe src=\"https:\/\/www.google.com\/maps\/embed?pb=!1m18!1m12!1m3!1d3022.6634779305127!2d-73.9128722883828!3d40.747429835326585!2m3!1f0!2f0!3f0!3m2!1i1024!2i768!4f13.1!3m3!1m2!1s0x89c25f1f743293ab%3A0x2d1da97cfe3f40ed!2sLawrence%20Virgilio%20Playground!5e0!3m2!1sen!2sph!4v1708690678297!5m2!1sen!2sph\" width=\"600\" height=\"250\" style=\"border:0;\" allowfullscreen=\"\" loading=\"lazy\" referrerpolicy=\"no-referrer-when-downgrade\"><\/iframe>\r\n\t\t\t\t<\/div>\n\t\t\t\t<\/div>\n\t\t\t\t<div class=\"elementor-element elementor-element-e613ec2 elementor-widget elementor-widget-spacer\" data-id=\"e613ec2\" data-element_type=\"widget\" data-e-type=\"widget\" data-widget_type=\"spacer.default\">\n\t\t\t\t<div class=\"elementor-widget-container\">\n\t\t\t\t\t\t\t<div class=\"elementor-spacer\">\n\t\t\t<div class=\"elementor-spacer-inner\"><\/div>\n\t\t<\/div>\n\t\t\t\t\t\t<\/div>\n\t\t\t\t<\/div>\n\t\t\t\t<div class=\"elementor-element elementor-element-07bfee8 elementor-widget elementor-widget-heading\" data-id=\"07bfee8\" data-element_type=\"widget\" data-e-type=\"widget\" data-widget_type=\"heading.default\">\n\t\t\t\t<div class=\"elementor-widget-container\">\n\t\t\t\t\t<h2 class=\"elementor-heading-title elementor-size-default\"><span class=\"ez-toc-section\" id=\"Parque-John-Downing\"><\/span>Parque John Downing<span class=\"ez-toc-section-end\"><\/span><\/h2>\t\t\t\t<\/div>\n\t\t\t\t<\/div>\n\t\t\t\t<div class=\"elementor-element elementor-element-0432ee3 elementor-widget-divider--view-line elementor-widget elementor-widget-divider\" data-id=\"0432ee3\" data-element_type=\"widget\" data-e-type=\"widget\" data-widget_type=\"divider.default\">\n\t\t\t\t<div class=\"elementor-widget-container\">\n\t\t\t\t\t\t\t<div class=\"elementor-divider\">\n\t\t\t<span class=\"elementor-divider-separator\">\n\t\t\t\t\t\t<\/span>\n\t\t<\/div>\n\t\t\t\t\t\t<\/div>\n\t\t\t\t<\/div>\n\t\t\t\t<div class=\"elementor-element elementor-element-a7a7ed0 elementor-widget elementor-widget-text-editor\" data-id=\"a7a7ed0\" data-element_type=\"widget\" data-e-type=\"widget\" data-widget_type=\"text-editor.default\">\n\t\t\t\t<div class=\"elementor-widget-container\">\n\t\t\t\t\t\t\t\t\t<p><span style=\"font-weight: 400;\">El parque John Downing, aunque peque\u00f1o en tama\u00f1o, es significativo por su contribuci\u00f3n al espacio verde de la comunidad. El parque es un lugar tranquilo para relajarse, con zonas de sombra, bancos y jardines. Es un testimonio del compromiso de la comunidad de honrar a sus h\u00e9roes y proporcionar espacios serenos para la contemplaci\u00f3n y la reuni\u00f3n de la comunidad.    <\/span><\/p>\t\t\t\t\t\t\t\t<\/div>\n\t\t\t\t<\/div>\n\t\t\t\t<div class=\"elementor-element elementor-element-d3d244e elementor-widget elementor-widget-html\" data-id=\"d3d244e\" data-element_type=\"widget\" data-e-type=\"widget\" data-widget_type=\"html.default\">\n\t\t\t\t<div class=\"elementor-widget-container\">\n\t\t\t\t\t<iframe src=\"https:\/\/www.google.com\/maps\/embed?pb=!1m18!1m12!1m3!1d304.7499596651583!2d-73.91382176773787!3d40.74452986572673!2m3!1f0!2f0!3f0!3m2!1i1024!2i768!4f13.1!3m3!1m2!1s0x89c25edfed6d5b05%3A0x770ae717994db6e6!2sJohn%20Downing%20Park!5e0!3m2!1sen!2sph!4v1708690889011!5m2!1sen!2sph\" width=\"600\" height=\"250\" style=\"border:0;\" allowfullscreen=\"\" loading=\"lazy\" referrerpolicy=\"no-referrer-when-downgrade\"><\/iframe>\t\t\t\t<\/div>\n\t\t\t\t<\/div>\n\t\t\t\t<div class=\"elementor-element elementor-element-d4280e4 elementor-widget elementor-widget-spacer\" data-id=\"d4280e4\" data-element_type=\"widget\" data-e-type=\"widget\" data-widget_type=\"spacer.default\">\n\t\t\t\t<div class=\"elementor-widget-container\">\n\t\t\t\t\t\t\t<div class=\"elementor-spacer\">\n\t\t\t<div class=\"elementor-spacer-inner\"><\/div>\n\t\t<\/div>\n\t\t\t\t\t\t<\/div>\n\t\t\t\t<\/div>\n\t\t\t\t<div class=\"elementor-element elementor-element-d6da3f4 elementor-widget elementor-widget-heading\" data-id=\"d6da3f4\" data-element_type=\"widget\" data-e-type=\"widget\" data-widget_type=\"heading.default\">\n\t\t\t\t<div class=\"elementor-widget-container\">\n\t\t\t\t\t<h2 class=\"elementor-heading-title elementor-size-default\"><span class=\"ez-toc-section\" id=\"Intercambio-de-Libros-y-Medios-de-Sunnyside-Biblioteca-Publica-y-Centro-de-Donaciones\"><\/span>Intercambio de Libros y Medios de Sunnyside, Biblioteca P\u00fablica y Centro de Donaciones<span class=\"ez-toc-section-end\"><\/span><\/h2>\t\t\t\t<\/div>\n\t\t\t\t<\/div>\n\t\t\t\t<div class=\"elementor-element elementor-element-9ce3251 elementor-widget-divider--view-line elementor-widget elementor-widget-divider\" data-id=\"9ce3251\" data-element_type=\"widget\" data-e-type=\"widget\" data-widget_type=\"divider.default\">\n\t\t\t\t<div class=\"elementor-widget-container\">\n\t\t\t\t\t\t\t<div class=\"elementor-divider\">\n\t\t\t<span class=\"elementor-divider-separator\">\n\t\t\t\t\t\t<\/span>\n\t\t<\/div>\n\t\t\t\t\t\t<\/div>\n\t\t\t\t<\/div>\n\t\t\t\t<div class=\"elementor-element elementor-element-e46d01c elementor-widget elementor-widget-text-editor\" data-id=\"e46d01c\" data-element_type=\"widget\" data-e-type=\"widget\" data-widget_type=\"text-editor.default\">\n\t\t\t\t<div class=\"elementor-widget-container\">\n\t\t\t\t\t\t\t\t\t<p>El Intercambio de Libros y Medios de Sunnyside es una iniciativa impulsada por la comunidad que ejemplifica su amor por la literatura y el aprendizaje. Organizado peri\u00f3dicamente, este acto anima a los residentes a compartir e intercambiar libros, DVD y otros medios, fomentando una cultura de compartir e intercambio intelectual. Adem\u00e1s, la Biblioteca P\u00fablica y el Centro de Donaciones son recursos vitales que ofrecen acceso a una gran cantidad de conocimientos, programas educativos y servicios comunitarios.  <\/p>\t\t\t\t\t\t\t\t<\/div>\n\t\t\t\t<\/div>\n\t\t\t\t<div class=\"elementor-element elementor-element-47e0aae elementor-widget elementor-widget-html\" data-id=\"47e0aae\" data-element_type=\"widget\" data-e-type=\"widget\" data-widget_type=\"html.default\">\n\t\t\t\t<div class=\"elementor-widget-container\">\n\t\t\t\t\t<iframe src=\"https:\/\/www.google.com\/maps\/embed?pb=!1m18!1m12!1m3!1d3022.680318152127!2d-73.92348648838276!3d40.74705933534919!2m3!1f0!2f0!3f0!3m2!1i1024!2i768!4f13.1!3m3!1m2!1s0x89c25fd9fab36ddd%3A0x40fc26b85d03a421!2sSunnyside%20Book%20and%20Media%20Swap%2C%20Public%20Library%20and%20Donation%20Center!5e0!3m2!1sen!2sph!4v1708691076351!5m2!1sen!2sph\" width=\"600\" height=\"250\" style=\"border:0;\" allowfullscreen=\"\" loading=\"lazy\" referrerpolicy=\"no-referrer-when-downgrade\"><\/iframe>\r\n\t\t\t\t<\/div>\n\t\t\t\t<\/div>\n\t\t\t\t<div class=\"elementor-element elementor-element-9162a43 elementor-widget elementor-widget-spacer\" data-id=\"9162a43\" data-element_type=\"widget\" data-e-type=\"widget\" data-widget_type=\"spacer.default\">\n\t\t\t\t<div class=\"elementor-widget-container\">\n\t\t\t\t\t\t\t<div class=\"elementor-spacer\">\n\t\t\t<div class=\"elementor-spacer-inner\"><\/div>\n\t\t<\/div>\n\t\t\t\t\t\t<\/div>\n\t\t\t\t<\/div>\n\t\t\t\t<div class=\"elementor-element elementor-element-719c65a elementor-widget elementor-widget-heading\" data-id=\"719c65a\" data-element_type=\"widget\" data-e-type=\"widget\" data-widget_type=\"heading.default\">\n\t\t\t\t<div class=\"elementor-widget-container\">\n\t\t\t\t\t<h2 class=\"elementor-heading-title elementor-size-default\"><span class=\"ez-toc-section\" id=\"Conclusion\"><\/span>Conclusi\u00f3n<span class=\"ez-toc-section-end\"><\/span><\/h2>\t\t\t\t<\/div>\n\t\t\t\t<\/div>\n\t\t\t\t<div class=\"elementor-element elementor-element-bebb941 elementor-widget-divider--view-line elementor-widget elementor-widget-divider\" data-id=\"bebb941\" data-element_type=\"widget\" data-e-type=\"widget\" data-widget_type=\"divider.default\">\n\t\t\t\t<div class=\"elementor-widget-container\">\n\t\t\t\t\t\t\t<div class=\"elementor-divider\">\n\t\t\t<span class=\"elementor-divider-separator\">\n\t\t\t\t\t\t<\/span>\n\t\t<\/div>\n\t\t\t\t\t\t<\/div>\n\t\t\t\t<\/div>\n\t\t\t\t<div class=\"elementor-element elementor-element-e027d1a elementor-widget elementor-widget-text-editor\" data-id=\"e027d1a\" data-element_type=\"widget\" data-e-type=\"widget\" data-widget_type=\"text-editor.default\">\n\t\t\t\t<div class=\"elementor-widget-container\">\n\t\t\t\t\t\t\t\t\t<p><span style=\"font-weight: 400;\">Sunnyside Gardens, con sus encantadoras calles y su vibrante vida comunitaria, ofrece un sinf\u00edn de experiencias que van m\u00e1s all\u00e1 de lo ordinario. Desde sus parques y zonas de juego que proporcionan espacios para el ocio y la reflexi\u00f3n, hasta sus iniciativas culturales y educativas que enriquecen a la comunidad, Sunnyside Gardens aprecia su patrimonio a la vez que mira hacia un futuro de continuo crecimiento y conexi\u00f3n. Tanto si eres un residente que busca comprometerse con su comunidad como un visitante que explora el encanto \u00fanico de Queens, Sunnyside Gardens te invita a descubrir sus tesoros locales y sus joyas comunitarias.  <\/span><\/p>\t\t\t\t\t\t\t\t<\/div>\n\t\t\t\t<\/div>\n\t\t\t\t\t<\/div>\n\t\t<\/div>\n\t\t\t\t\t<\/div>\n\t\t<\/section>\n\t\t\t\t<\/div>\n\t\t<p id=\"qri-code\"><iframe loading=\"lazy\" style=\"border:none;\" scrolling=\"no\" marginheight=\"0px\" marginwidth=\"0px\" allowfullscreen=\"\" src=\"https:\/\/quickchart.io\/chart?cht=qr&chs=150x150&chl=https:\/\/accidentlawyer-queens.com\/es\/cosas-que-hacer-jardines-sunnyside\/\" width=\"150px\" height=\"150px\" frameborder=\"0\"><\/iframe><\/p>","protected":false},"excerpt":{"rendered":"<p>Jardines Sunnyside: Gu\u00eda de tesoros locales y joyas comunitarias Sunnyside Gardens, enclavada en Queens, Nueva York, es una comunidad famosa por su rica historia, su encantadora arquitectura y su vibrante vida comunitaria. M\u00e1s all\u00e1 de sus pintorescas hileras de casas y exuberantes jardines compartidos, la zona presume de una variedad de espacios p\u00fablicos e iniciativas [&hellip;]<\/p>\n","protected":false},"author":11,"featured_media":7290,"parent":0,"menu_order":0,"comment_status":"closed","ping_status":"closed","template":"","meta":{"_seopress_robots_primary_cat":"","_seopress_titles_title":"Jardines Sunnyside: Gu\u00eda de tesoros locales y joyas comunitarias","_seopress_titles_desc":"","_seopress_robots_index":"","footnotes":""},"class_list":["post-7317","page","type-page","status-publish","has-post-thumbnail","hentry"],"_links":{"self":[{"href":"https:\/\/accidentlawyer-queens.com\/es\/wp-json\/wp\/v2\/pages\/7317","targetHints":{"allow":["GET"]}}],"collection":[{"href":"https:\/\/accidentlawyer-queens.com\/es\/wp-json\/wp\/v2\/pages"}],"about":[{"href":"https:\/\/accidentlawyer-queens.com\/es\/wp-json\/wp\/v2\/types\/page"}],"author":[{"embeddable":true,"href":"https:\/\/accidentlawyer-queens.com\/es\/wp-json\/wp\/v2\/users\/11"}],"replies":[{"embeddable":true,"href":"https:\/\/accidentlawyer-queens.com\/es\/wp-json\/wp\/v2\/comments?post=7317"}],"version-history":[{"count":1,"href":"https:\/\/accidentlawyer-queens.com\/es\/wp-json\/wp\/v2\/pages\/7317\/revisions"}],"predecessor-version":[{"id":7320,"href":"https:\/\/accidentlawyer-queens.com\/es\/wp-json\/wp\/v2\/pages\/7317\/revisions\/7320"}],"wp:featuredmedia":[{"embeddable":true,"href":"https:\/\/accidentlawyer-queens.com\/es\/wp-json\/wp\/v2\/media\/7290"}],"wp:attachment":[{"href":"https:\/\/accidentlawyer-queens.com\/es\/wp-json\/wp\/v2\/media?parent=7317"}],"curies":[{"name":"wp","href":"https:\/\/api.w.org\/{rel}","templated":true}]}}